{"id":12,"date":"2023-12-28T23:44:37","date_gmt":"2023-12-28T23:44:37","guid":{"rendered":"https:\/\/sarload.com\/home\/sobre\/"},"modified":"2024-02-11T12:06:49","modified_gmt":"2024-02-11T12:06:49","slug":"sobre","status":"publish","type":"page","link":"https:\/\/sarload.com\/home\/sobre\/","title":{"rendered":"Sobre"},"content":{"rendered":"\n<div class=\"wp-block-group alignfull has-background-background-color has-background has-global-padding is-layout-constrained wp-block-group-is-layout-constrained\" style=\"margin-top:0;margin-bottom:0;padding-top:0\">\n<div class=\"wp-block-cover alignfull ext-import\" style=\"padding-top:0;padding-right:0;padding-bottom:0;padding-left:0;min-height:50px;aspect-ratio:unset;\"><span aria-hidden=\"true\" class=\"wp-block-cover__background has-black-background-color has-background-dim-60 has-background-dim\"><\/span><img decoding=\"async\" class=\"wp-block-cover__image-background\" alt=\"\" src=\"https:\/\/images.unsplash.com\/photo-1488229297570-58520851e868?fit=crop&amp;crop=entropy%2Cfaces&amp;auto=format%2Ccompress&amp;w=1280\" data-object-fit=\"cover\"\/><div class=\"wp-block-cover__inner-container is-layout-flow wp-block-cover-is-layout-flow\">\n<div class=\"wp-block-group has-global-padding is-layout-constrained wp-container-core-group-is-layout-dc79e9a9 wp-block-group-is-layout-constrained\" style=\"padding-top:var(--wp--preset--spacing--60);padding-right:var(--wp--preset--spacing--30);padding-bottom:var(--wp--preset--spacing--60);padding-left:var(--wp--preset--spacing--30)\">\n<h1 class=\"wp-block-heading has-text-align-center has-text-color has-x-large-font-size\" style=\"color:#fffffffc\">Sarload <\/h1>\n\n\n\n<h1 class=\"wp-block-heading has-text-align-center has-text-color has-x-large-font-size\" style=\"color:#fffffffc\">Digital Soluctions Consulting<\/h1>\n<\/div>\n<\/div><\/div>\n<\/div>\n\n\n\n<div class=\"wp-block-group alignfull has-global-padding is-layout-constrained wp-container-core-group-is-layout-7276a2bb wp-block-group-is-layout-constrained\" style=\"margin-top:0;margin-bottom:0;padding-top:var(--wp--preset--spacing--60);padding-right:var(--wp--preset--spacing--30);padding-bottom:var(--wp--preset--spacing--60);padding-left:var(--wp--preset--spacing--30)\">\n<div class=\"wp-block-columns alignwide is-layout-flex wp-container-core-columns-is-layout-47c06fe3 wp-block-columns-is-layout-flex\">\n<div class=\"wp-block-column is-layout-flow wp-block-column-is-layout-flow\" style=\"flex-basis:50%\">\n<h3 class=\"wp-block-heading has-text-align-left\" style=\"margin-top:12px\">Sarload para o seu Neg\u00f3cio<\/h3>\n\n\n\n<p><\/p>\n\n\n\n<p><\/p>\n\n\n\n<figure class=\"wp-block-image alignright size-large is-resized\"><img loading=\"lazy\" decoding=\"async\" width=\"1024\" height=\"683\" src=\"https:\/\/sarload.com\/home\/wp-content\/uploads\/2023\/12\/industry-4-2741774_1920-1-1024x683.png\" alt=\"\" class=\"wp-image-51\" style=\"width:967px;height:auto\" srcset=\"https:\/\/sarload.com\/home\/wp-content\/uploads\/2023\/12\/industry-4-2741774_1920-1-1024x683.png 1024w, https:\/\/sarload.com\/home\/wp-content\/uploads\/2023\/12\/industry-4-2741774_1920-1-300x200.png 300w, https:\/\/sarload.com\/home\/wp-content\/uploads\/2023\/12\/industry-4-2741774_1920-1-768x512.png 768w, https:\/\/sarload.com\/home\/wp-content\/uploads\/2023\/12\/industry-4-2741774_1920-1-1536x1024.png 1536w, https:\/\/sarload.com\/home\/wp-content\/uploads\/2023\/12\/industry-4-2741774_1920-1.png 1920w\" sizes=\"auto, (max-width: 1024px) 100vw, 1024px\" \/><\/figure>\n<\/div>\n\n\n\n<div class=\"wp-block-column is-layout-flow wp-container-core-column-is-layout-f5bb311e wp-block-column-is-layout-flow\" style=\"flex-basis:50%\">\n<p>A Sarload \u00e9 uma empresa sediada em Viseu especializada em apoiar as empresas na tomada de decis\u00f5es na digitaliza\u00e7\u00e3o dos seus processos. A nossa equipa \u00e9 qualificada em criar produtos e servi\u00e7os de alta qualidade para impulsionar o crescimento das empresas. <\/p>\n\n\n\n<p>Conhecimento, inova\u00e7\u00e3o e efici\u00eancia s\u00e3o nossos diferenciais no mercado.<\/p>\n\n\n\n<p>Oferecemos servi\u00e7os de tecnologia personalizados para ajudar sua empresa a alcan\u00e7ar a ind. 4.0.<\/p>\n\n\n\n<p>A nossa equipa est\u00e1 pronta para enfrentar qualquer desafio tecnol\u00f3gico.<\/p>\n\n\n\n<p>Na SARLOAD, projetamos, desenvolvemos, mantemos e transformamos diversos sistemas e software e fazemos gest\u00e3o de todo o processo da mudan\u00e7a.&nbsp;<\/p>\n\n\n\n<p>O nosso foco abrange desde o levantamento e desenho do processo design at\u00e9 a programa\u00e7\u00e3o e teste de seus variados componentes. Muitas vezes, esses sistemas s\u00e3o embebidos e dedicados a suportar elementos mais complexos, cruciais para os neg\u00f3cios dos nossos clientes.<\/p>\n\n\n\n<p>Juntamos anos de experi\u00eancia em sistemas cr\u00edticos e software com um conhecimento aprofundado das ind\u00fastrias.<\/p>\n\n\n\n<p>Adotamos uma abordagem integrada e , cobrindo todas as fases do ciclo de vida do desenvolvimento de software, desde a concep\u00e7\u00e3o at\u00e9 a manuten\u00e7\u00e3o e transforma\u00e7\u00e3o cont\u00ednua.<\/p>\n\n\n\n<p>Al\u00e9m disso, destacamos-nos pela nossa capacidade de personalizar solu\u00e7\u00f5es de acordo com as necessidades espec\u00edficas de cada cliente, demonstrando flexibilidade e adaptabilidade. Comprometemo-nos com a seguran\u00e7a, aplicando rigorosamente os padr\u00f5es de seguran\u00e7a relevantes em todos os nossos projetos.<\/p>\n\n\n\n<p>Somos parceiros estrat\u00e9gicos dos nossos clientes, trabalhando lado a lado para atender \u00e0s suas necessidades tecnol\u00f3gicas e contribuir para o sucesso a longo prazo de seus neg\u00f3cios. A rapidez na melhoria dos recursos t\u00e9cnicos e o nosso profundo conhecimento das ind\u00fastrias em que atuamos s\u00e3o fundamentais para a confian\u00e7a que os nossos clientes depositam em n\u00f3s.<\/p>\n<\/div>\n<\/div>\n<\/div>\n","protected":false},"excerpt":{"rendered":"<p>Sarload para o seu Neg\u00f3cio A Sarload \u00e9 uma empresa sediada em Viseu especializada em apoiar as empresas na tomada de decis\u00f5es na digitaliza\u00e7\u00e3o dos seus processos. A nossa equipa \u00e9 qualificada em criar produtos e servi\u00e7os de alta qualidade para impulsionar o crescimento das empresas. Conhecimento, inova\u00e7\u00e3o e efici\u00eancia s\u00e3o nossos diferenciais no mercado. [&hellip;]<\/p>\n","protected":false},"author":1,"featured_media":0,"parent":0,"menu_order":0,"comment_status":"closed","ping_status":"closed","template":"no-title","meta":{"_monsterinsights_skip_tracking":false,"_monsterinsights_sitenote_active":false,"_monsterinsights_sitenote_note":"","_monsterinsights_sitenote_category":0,"footnotes":""},"class_list":["post-12","page","type-page","status-publish","hentry"],"aioseo_notices":[],"yoast_head":"<!-- This site is optimized with the Yoast SEO plugin v22.8 - https:\/\/yoast.com\/wordpress\/plugins\/seo\/ -->\n<title>Sobre - Digital Solutions Consulting<\/title>\n<meta name=\"robots\" content=\"index, follow, max-snippet:-1, max-image-preview:large, max-video-preview:-1\" \/>\n<link rel=\"canonical\" href=\"https:\/\/sarload.com\/home\/sobre\/\" \/>\n<meta property=\"og:locale\" content=\"pt_PT\" \/>\n<meta property=\"og:type\" content=\"article\" \/>\n<meta property=\"og:title\" content=\"Sobre - Digital Solutions Consulting\" \/>\n<meta property=\"og:description\" content=\"Sarload para o seu Neg\u00f3cio A Sarload \u00e9 uma empresa sediada em Viseu especializada em apoiar as empresas na tomada de decis\u00f5es na digitaliza\u00e7\u00e3o dos seus processos. A nossa equipa \u00e9 qualificada em criar produtos e servi\u00e7os de alta qualidade para impulsionar o crescimento das empresas. Conhecimento, inova\u00e7\u00e3o e efici\u00eancia s\u00e3o nossos diferenciais no mercado. [&hellip;]\" \/>\n<meta property=\"og:url\" content=\"https:\/\/sarload.com\/home\/sobre\/\" \/>\n<meta property=\"og:site_name\" content=\"Digital Solutions Consulting\" \/>\n<meta property=\"article:modified_time\" content=\"2024-02-11T12:06:49+00:00\" \/>\n<meta property=\"og:image\" content=\"https:\/\/images.unsplash.com\/photo-1488229297570-58520851e868?fit=crop&amp;crop=entropy%2Cfaces&amp;auto=format%2Ccompress&amp;w=1280\" \/>\n<meta name=\"twitter:card\" content=\"summary_large_image\" \/>\n<meta name=\"twitter:label1\" content=\"Tempo estimado de leitura\" \/>\n\t<meta name=\"twitter:data1\" content=\"2 minutos\" \/>\n<script type=\"application\/ld+json\" class=\"yoast-schema-graph\">{\"@context\":\"https:\/\/schema.org\",\"@graph\":[{\"@type\":\"WebPage\",\"@id\":\"https:\/\/sarload.com\/home\/sobre\/\",\"url\":\"https:\/\/sarload.com\/home\/sobre\/\",\"name\":\"Sobre - Digital Solutions Consulting\",\"isPartOf\":{\"@id\":\"https:\/\/sarload.com\/home\/#website\"},\"primaryImageOfPage\":{\"@id\":\"https:\/\/sarload.com\/home\/sobre\/#primaryimage\"},\"image\":{\"@id\":\"https:\/\/sarload.com\/home\/sobre\/#primaryimage\"},\"thumbnailUrl\":\"https:\/\/images.unsplash.com\/photo-1488229297570-58520851e868?fit=crop&amp;crop=entropy%2Cfaces&amp;auto=format%2Ccompress&amp;w=1280\",\"datePublished\":\"2023-12-28T23:44:37+00:00\",\"dateModified\":\"2024-02-11T12:06:49+00:00\",\"breadcrumb\":{\"@id\":\"https:\/\/sarload.com\/home\/sobre\/#breadcrumb\"},\"inLanguage\":\"pt-PT\",\"potentialAction\":[{\"@type\":\"ReadAction\",\"target\":[\"https:\/\/sarload.com\/home\/sobre\/\"]}]},{\"@type\":\"ImageObject\",\"inLanguage\":\"pt-PT\",\"@id\":\"https:\/\/sarload.com\/home\/sobre\/#primaryimage\",\"url\":\"https:\/\/images.unsplash.com\/photo-1488229297570-58520851e868?fit=crop&amp;crop=entropy%2Cfaces&amp;auto=format%2Ccompress&amp;w=1280\",\"contentUrl\":\"https:\/\/images.unsplash.com\/photo-1488229297570-58520851e868?fit=crop&amp;crop=entropy%2Cfaces&amp;auto=format%2Ccompress&amp;w=1280\"},{\"@type\":\"BreadcrumbList\",\"@id\":\"https:\/\/sarload.com\/home\/sobre\/#breadcrumb\",\"itemListElement\":[{\"@type\":\"ListItem\",\"position\":1,\"name\":\"Home\",\"item\":\"https:\/\/sarload.com\/home\/\"},{\"@type\":\"ListItem\",\"position\":2,\"name\":\"Sobre\"}]},{\"@type\":\"WebSite\",\"@id\":\"https:\/\/sarload.com\/home\/#website\",\"url\":\"https:\/\/sarload.com\/home\/\",\"name\":\"Digital Solutions Consulting\",\"description\":\"\",\"publisher\":{\"@id\":\"https:\/\/sarload.com\/home\/#organization\"},\"potentialAction\":[{\"@type\":\"SearchAction\",\"target\":{\"@type\":\"EntryPoint\",\"urlTemplate\":\"https:\/\/sarload.com\/home\/?s={search_term_string}\"},\"query-input\":\"required name=search_term_string\"}],\"inLanguage\":\"pt-PT\"},{\"@type\":\"Organization\",\"@id\":\"https:\/\/sarload.com\/home\/#organization\",\"name\":\"Digital Solutions Consulting\",\"url\":\"https:\/\/sarload.com\/home\/\",\"logo\":{\"@type\":\"ImageObject\",\"inLanguage\":\"pt-PT\",\"@id\":\"https:\/\/sarload.com\/home\/#\/schema\/logo\/image\/\",\"url\":\"https:\/\/sarload.com\/home\/wp-content\/uploads\/2023\/12\/LOGO-BRANCO.png\",\"contentUrl\":\"https:\/\/sarload.com\/home\/wp-content\/uploads\/2023\/12\/LOGO-BRANCO.png\",\"width\":524,\"height\":560,\"caption\":\"Digital Solutions Consulting\"},\"image\":{\"@id\":\"https:\/\/sarload.com\/home\/#\/schema\/logo\/image\/\"}}]}<\/script>\n<!-- \/ Yoast SEO plugin. -->","yoast_head_json":{"title":"Sobre - Digital Solutions Consulting","robots":{"index":"index","follow":"follow","max-snippet":"max-snippet:-1","max-image-preview":"max-image-preview:large","max-video-preview":"max-video-preview:-1"},"canonical":"https:\/\/sarload.com\/home\/sobre\/","og_locale":"pt_PT","og_type":"article","og_title":"Sobre - Digital Solutions Consulting","og_description":"Sarload para o seu Neg\u00f3cio A Sarload \u00e9 uma empresa sediada em Viseu especializada em apoiar as empresas na tomada de decis\u00f5es na digitaliza\u00e7\u00e3o dos seus processos. A nossa equipa \u00e9 qualificada em criar produtos e servi\u00e7os de alta qualidade para impulsionar o crescimento das empresas. Conhecimento, inova\u00e7\u00e3o e efici\u00eancia s\u00e3o nossos diferenciais no mercado. [&hellip;]","og_url":"https:\/\/sarload.com\/home\/sobre\/","og_site_name":"Digital Solutions Consulting","article_modified_time":"2024-02-11T12:06:49+00:00","og_image":[{"url":"https:\/\/images.unsplash.com\/photo-1488229297570-58520851e868?fit=crop&amp;crop=entropy%2Cfaces&amp;auto=format%2Ccompress&amp;w=1280"}],"twitter_card":"summary_large_image","twitter_misc":{"Tempo estimado de leitura":"2 minutos"},"schema":{"@context":"https:\/\/schema.org","@graph":[{"@type":"WebPage","@id":"https:\/\/sarload.com\/home\/sobre\/","url":"https:\/\/sarload.com\/home\/sobre\/","name":"Sobre - Digital Solutions Consulting","isPartOf":{"@id":"https:\/\/sarload.com\/home\/#website"},"primaryImageOfPage":{"@id":"https:\/\/sarload.com\/home\/sobre\/#primaryimage"},"image":{"@id":"https:\/\/sarload.com\/home\/sobre\/#primaryimage"},"thumbnailUrl":"https:\/\/images.unsplash.com\/photo-1488229297570-58520851e868?fit=crop&amp;crop=entropy%2Cfaces&amp;auto=format%2Ccompress&amp;w=1280","datePublished":"2023-12-28T23:44:37+00:00","dateModified":"2024-02-11T12:06:49+00:00","breadcrumb":{"@id":"https:\/\/sarload.com\/home\/sobre\/#breadcrumb"},"inLanguage":"pt-PT","potentialAction":[{"@type":"ReadAction","target":["https:\/\/sarload.com\/home\/sobre\/"]}]},{"@type":"ImageObject","inLanguage":"pt-PT","@id":"https:\/\/sarload.com\/home\/sobre\/#primaryimage","url":"https:\/\/images.unsplash.com\/photo-1488229297570-58520851e868?fit=crop&amp;crop=entropy%2Cfaces&amp;auto=format%2Ccompress&amp;w=1280","contentUrl":"https:\/\/images.unsplash.com\/photo-1488229297570-58520851e868?fit=crop&amp;crop=entropy%2Cfaces&amp;auto=format%2Ccompress&amp;w=1280"},{"@type":"BreadcrumbList","@id":"https:\/\/sarload.com\/home\/sobre\/#breadcrumb","itemListElement":[{"@type":"ListItem","position":1,"name":"Home","item":"https:\/\/sarload.com\/home\/"},{"@type":"ListItem","position":2,"name":"Sobre"}]},{"@type":"WebSite","@id":"https:\/\/sarload.com\/home\/#website","url":"https:\/\/sarload.com\/home\/","name":"Digital Solutions Consulting","description":"","publisher":{"@id":"https:\/\/sarload.com\/home\/#organization"},"potentialAction":[{"@type":"SearchAction","target":{"@type":"EntryPoint","urlTemplate":"https:\/\/sarload.com\/home\/?s={search_term_string}"},"query-input":"required name=search_term_string"}],"inLanguage":"pt-PT"},{"@type":"Organization","@id":"https:\/\/sarload.com\/home\/#organization","name":"Digital Solutions Consulting","url":"https:\/\/sarload.com\/home\/","logo":{"@type":"ImageObject","inLanguage":"pt-PT","@id":"https:\/\/sarload.com\/home\/#\/schema\/logo\/image\/","url":"https:\/\/sarload.com\/home\/wp-content\/uploads\/2023\/12\/LOGO-BRANCO.png","contentUrl":"https:\/\/sarload.com\/home\/wp-content\/uploads\/2023\/12\/LOGO-BRANCO.png","width":524,"height":560,"caption":"Digital Solutions Consulting"},"image":{"@id":"https:\/\/sarload.com\/home\/#\/schema\/logo\/image\/"}}]}},"jetpack_sharing_enabled":true,"_links":{"self":[{"href":"https:\/\/sarload.com\/home\/wp-json\/wp\/v2\/pages\/12","targetHints":{"allow":["GET"]}}],"collection":[{"href":"https:\/\/sarload.com\/home\/wp-json\/wp\/v2\/pages"}],"about":[{"href":"https:\/\/sarload.com\/home\/wp-json\/wp\/v2\/types\/page"}],"author":[{"embeddable":true,"href":"https:\/\/sarload.com\/home\/wp-json\/wp\/v2\/users\/1"}],"replies":[{"embeddable":true,"href":"https:\/\/sarload.com\/home\/wp-json\/wp\/v2\/comments?post=12"}],"version-history":[{"count":11,"href":"https:\/\/sarload.com\/home\/wp-json\/wp\/v2\/pages\/12\/revisions"}],"predecessor-version":[{"id":99,"href":"https:\/\/sarload.com\/home\/wp-json\/wp\/v2\/pages\/12\/revisions\/99"}],"wp:attachment":[{"href":"https:\/\/sarload.com\/home\/wp-json\/wp\/v2\/media?parent=12"}],"curies":[{"name":"wp","href":"https:\/\/api.w.org\/{rel}","templated":true}]}}